{"id":3507,"date":"2021-04-28T00:27:40","date_gmt":"2021-04-28T00:27:40","guid":{"rendered":"https:\/\/blaisindustries.com\/?page_id=3507"},"modified":"2021-04-28T05:18:34","modified_gmt":"2021-04-28T05:18:34","slug":"historic","status":"publish","type":"page","link":"https:\/\/blaisindustries.com\/en\/historic\/","title":{"rendered":"Historic"},"content":{"rendered":"\t\t<div data-elementor-type=\"wp-page\" data-elementor-id=\"3507\" class=\"elementor elementor-3507 elementor-3491\" data-elementor-post-type=\"page\">\n\t\t\t\t\t\t<section class=\"elementor-section elementor-top-section elementor-element elementor-element-923c148 elementor-section-boxed elementor-section-height-default elementor-section-height-default\" data-id=\"923c148\" data-element_type=\"section\" data-e-type=\"section\" data-settings=\"{&quot;background_background&quot;:&quot;classic&quot;}\">\n\t\t\t\t\t\t\t<div class=\"elementor-background-overlay\"><\/div>\n\t\t\t\t\t\t\t<div class=\"elementor-container elementor-column-gap-no\">\n\t\t\t\t\t<div class=\"elementor-column elementor-col-50 elementor-top-column elementor-element elementor-element-fceafe5\" data-id=\"fceafe5\" data-element_type=\"column\" data-e-type=\"column\">\n\t\t\t<div class=\"elementor-widget-wrap elementor-element-populated\">\n\t\t\t\t\t\t<div class=\"elementor-element elementor-element-8c80a1c elementor-widget elementor-widget-heading\" data-id=\"8c80a1c\" data-element_type=\"widget\" data-e-type=\"widget\" data-widget_type=\"heading.default\">\n\t\t\t\t<div class=\"elementor-widget-container\">\n\t\t\t\t\t<h6 class=\"elementor-heading-title elementor-size-default\">ABOUT US<\/h6>\t\t\t\t<\/div>\n\t\t\t\t<\/div>\n\t\t\t\t<div class=\"elementor-element elementor-element-7d26fc1 elementor-widget elementor-widget-heading\" data-id=\"7d26fc1\" data-element_type=\"widget\" data-e-type=\"widget\" data-widget_type=\"heading.default\">\n\t\t\t\t<div class=\"elementor-widget-container\">\n\t\t\t\t\t<h1 class=\"elementor-heading-title elementor-size-default\">HISTORIC<\/h1>\t\t\t\t<\/div>\n\t\t\t\t<\/div>\n\t\t\t\t\t<\/div>\n\t\t<\/div>\n\t\t\t\t<div class=\"elementor-column elementor-col-50 elementor-top-column elementor-element elementor-element-1d0b59d\" data-id=\"1d0b59d\" data-element_type=\"column\" data-e-type=\"column\">\n\t\t\t<div class=\"elementor-widget-wrap\">\n\t\t\t\t\t\t\t<\/div>\n\t\t<\/div>\n\t\t\t\t\t<\/div>\n\t\t<\/section>\n\t\t\t\t<section class=\"elementor-section elementor-top-section elementor-element elementor-element-3c121f2 elementor-section-boxed elementor-section-height-default elementor-section-height-default\" data-id=\"3c121f2\" data-element_type=\"section\" data-e-type=\"section\" data-settings=\"{&quot;background_background&quot;:&quot;classic&quot;}\">\n\t\t\t\t\t\t<div class=\"elementor-container elementor-column-gap-default\">\n\t\t\t\t\t<div class=\"elementor-column elementor-col-66 elementor-top-column elementor-element elementor-element-f2a932d\" data-id=\"f2a932d\" data-element_type=\"column\" data-e-type=\"column\">\n\t\t\t<div class=\"elementor-widget-wrap elementor-element-populated\">\n\t\t\t\t\t\t<div class=\"elementor-element elementor-element-257e01d elementor-widget elementor-widget-heading\" data-id=\"257e01d\" data-element_type=\"widget\" data-e-type=\"widget\" data-widget_type=\"heading.default\">\n\t\t\t\t<div class=\"elementor-widget-container\">\n\t\t\t\t\t<h1 class=\"elementor-heading-title elementor-size-default\"> WHO WE ARE<\/h1>\t\t\t\t<\/div>\n\t\t\t\t<\/div>\n\t\t\t\t<div class=\"elementor-element elementor-element-7f2c915 elementor-widget elementor-widget-heading\" data-id=\"7f2c915\" data-element_type=\"widget\" data-e-type=\"widget\" data-widget_type=\"heading.default\">\n\t\t\t\t<div class=\"elementor-widget-container\">\n\t\t\t\t\t<h6 class=\"elementor-heading-title elementor-size-default\">Since 1952, we have established one of the strongest private companies in the construction and maintenance of industrial infrastructures: Blais industries.<\/h6>\t\t\t\t<\/div>\n\t\t\t\t<\/div>\n\t\t\t\t<div class=\"elementor-element elementor-element-f18bc15 elementor-widget elementor-widget-text-editor\" data-id=\"f18bc15\" data-element_type=\"widget\" data-e-type=\"widget\" data-widget_type=\"text-editor.default\">\n\t\t\t\t<div class=\"elementor-widget-container\">\n\t\t\t\t\t\t\t\t\t<p>Many competitors operate in this field, but to stand out, you must go beyond just tendering and completing the work. Blais industries is built on the desire to excel. A stable and lasting foundation. Build to stand the test of time; build as though it were our own infrastructure. Every opportunity represents a chance to serve, a chance to be called back, a chance to be referred, a chance to widen one&#8217;s network of contact and influence. Build for our community; build for our families, our colleagues, our friends. Build a strong foundation that will stand the test of time, with a clean environment and a future built on sustainable infrastructure. Join this vision, this dream of an ideal, this future to be built as a team.pular. We have developed various departments over the years to provide our customers with a comprehensive range of services. This steady growth has led to numerous achievements and made us the entrepreneur of choice. Regardless of the size of the project, small or large, it provides us with the opportunity to offer our services.<\/p>\t\t\t\t\t\t\t\t<\/div>\n\t\t\t\t<\/div>\n\t\t\t\t\t<\/div>\n\t\t<\/div>\n\t\t\t\t<div class=\"elementor-column elementor-col-33 elementor-top-column elementor-element elementor-element-b177807\" data-id=\"b177807\" data-element_type=\"column\" data-e-type=\"column\">\n\t\t\t<div class=\"elementor-widget-wrap elementor-element-populated\">\n\t\t\t\t\t\t<div class=\"elementor-element elementor-element-4d43e41 elementor-widget elementor-widget-image\" data-id=\"4d43e41\" data-element_type=\"widget\" data-e-type=\"widget\" data-widget_type=\"image.default\">\n\t\t\t\t<div class=\"elementor-widget-container\">\n\t\t\t\t\t\t\t\t\t\t\t\t\t\t\t<img fetchpriority=\"high\" decoding=\"async\" width=\"792\" height=\"634\" src=\"https:\/\/blaisindustries.com\/wp-content\/uploads\/2021\/04\/photo-industriel.jpg\" class=\"attachment-large size-large wp-image-5608\" alt=\"Industrial\" srcset=\"https:\/\/blaisindustries.com\/wp-content\/uploads\/2021\/04\/photo-industriel.jpg 792w, https:\/\/blaisindustries.com\/wp-content\/uploads\/2021\/04\/photo-industriel-300x240.jpg 300w, https:\/\/blaisindustries.com\/wp-content\/uploads\/2021\/04\/photo-industriel-768x615.jpg 768w\" sizes=\"(max-width: 792px) 100vw, 792px\" title=\"\">\t\t\t\t\t\t\t\t\t\t\t\t\t\t\t<\/div>\n\t\t\t\t<\/div>\n\t\t\t\t\t<\/div>\n\t\t<\/div>\n\t\t\t\t\t<\/div>\n\t\t<\/section>\n\t\t\t\t<section class=\"elementor-section elementor-top-section elementor-element elementor-element-17add7e elementor-section-boxed elementor-section-height-default elementor-section-height-default\" data-id=\"17add7e\" data-element_type=\"section\" data-e-type=\"section\">\n\t\t\t\t\t\t<div class=\"elementor-container elementor-column-gap-no\">\n\t\t\t\t\t<div class=\"elementor-column elementor-col-100 elementor-top-column elementor-element elementor-element-e57fdbe\" data-id=\"e57fdbe\" data-element_type=\"column\" data-e-type=\"column\">\n\t\t\t<div class=\"elementor-widget-wrap elementor-element-populated\">\n\t\t\t\t\t\t<section class=\"elementor-section elementor-inner-section elementor-element elementor-element-6f37a33 elementor-section-boxed elementor-section-height-default elementor-section-height-default\" data-id=\"6f37a33\" data-element_type=\"section\" data-e-type=\"section\">\n\t\t\t\t\t\t<div class=\"elementor-container elementor-column-gap-default\">\n\t\t\t\t\t<div class=\"elementor-column elementor-col-50 elementor-inner-column elementor-element elementor-element-9615463\" data-id=\"9615463\" data-element_type=\"column\" data-e-type=\"column\">\n\t\t\t<div class=\"elementor-widget-wrap elementor-element-populated\">\n\t\t\t\t\t\t<div class=\"elementor-element elementor-element-6f2a312 elementor-widget elementor-widget-heading\" data-id=\"6f2a312\" data-element_type=\"widget\" data-e-type=\"widget\" data-widget_type=\"heading.default\">\n\t\t\t\t<div class=\"elementor-widget-container\">\n\t\t\t\t\t<h6 class=\"elementor-heading-title elementor-size-default\">LA DIFF\u00c9RENCE BLAIS<\/h6>\t\t\t\t<\/div>\n\t\t\t\t<\/div>\n\t\t\t\t\t<\/div>\n\t\t<\/div>\n\t\t\t\t<div class=\"elementor-column elementor-col-50 elementor-inner-column elementor-element elementor-element-9bde7ac\" data-id=\"9bde7ac\" data-element_type=\"column\" data-e-type=\"column\">\n\t\t\t<div class=\"elementor-widget-wrap elementor-element-populated\">\n\t\t\t\t\t\t<div class=\"elementor-element elementor-element-c2ef4a6 elementor-widget elementor-widget-heading\" data-id=\"c2ef4a6\" data-element_type=\"widget\" data-e-type=\"widget\" data-widget_type=\"heading.default\">\n\t\t\t\t<div class=\"elementor-widget-container\">\n\t\t\t\t\t<h6 class=\"elementor-heading-title elementor-size-default\">NOS VALEURS<\/h6>\t\t\t\t<\/div>\n\t\t\t\t<\/div>\n\t\t\t\t\t<\/div>\n\t\t<\/div>\n\t\t\t\t\t<\/div>\n\t\t<\/section>\n\t\t\t\t<section class=\"elementor-section elementor-inner-section elementor-element elementor-element-813c7fb elementor-section-full_width elementor-section-height-default elementor-section-height-default\" data-id=\"813c7fb\" data-element_type=\"section\" data-e-type=\"section\">\n\t\t\t\t\t\t<div class=\"elementor-container elementor-column-gap-default\">\n\t\t\t\t\t<div class=\"elementor-column elementor-col-50 elementor-inner-column elementor-element elementor-element-3b6a06f\" data-id=\"3b6a06f\" data-element_type=\"column\" data-e-type=\"column\">\n\t\t\t<div class=\"elementor-widget-wrap elementor-element-populated\">\n\t\t\t\t\t\t<div class=\"elementor-element elementor-element-d9bb0cc elementor-position-top elementor-widget elementor-widget-image-box\" data-id=\"d9bb0cc\" data-element_type=\"widget\" data-e-type=\"widget\" data-widget_type=\"image-box.default\">\n\t\t\t\t<div class=\"elementor-widget-container\">\n\t\t\t\t\t<div class=\"elementor-image-box-wrapper\"><figure class=\"elementor-image-box-img\"><img decoding=\"async\" width=\"74\" height=\"74\" data-src=\"https:\/\/blaisindustries.com\/wp-content\/uploads\/2021\/04\/ic-vl-rond-securite.png\" class=\"attachment-full size-full wp-image-525 lazyload\" alt=\"La Diff\u00e9rence Blais\" title=\"\" src=\"data:image\/svg+xml;base64,PHN2ZyB3aWR0aD0iMSIgaGVpZ2h0PSIxIiB4bWxucz0iaHR0cDovL3d3dy53My5vcmcvMjAwMC9zdmciPjwvc3ZnPg==\" style=\"--smush-placeholder-width: 74px; --smush-placeholder-aspect-ratio: 74\/74;\"><\/figure><div class=\"elementor-image-box-content\"><h3 class=\"elementor-image-box-title\">S\u00c9CURIT\u00c9<\/h3><p class=\"elementor-image-box-description\">Parce que nous sommes convaincus que pour prot\u00e9ger nos coll\u00e8gues, nos collaborateurs, nos partenaires et nos clients, nous adoptons une attitude personnelle responsable ainsi qu\u2019un partage des connaissances et de l\u2019exp\u00e9rience. La s\u00e9curit\u00e9 est notre priorit\u00e9 et l\u2019affaire de tous. Elle constitue pour nous un mode de vie.<\/p><\/div><\/div>\t\t\t\t<\/div>\n\t\t\t\t<\/div>\n\t\t\t\t\t<\/div>\n\t\t<\/div>\n\t\t\t\t<div class=\"elementor-column elementor-col-50 elementor-inner-column elementor-element elementor-element-b601baa\" data-id=\"b601baa\" data-element_type=\"column\" data-e-type=\"column\">\n\t\t\t<div class=\"elementor-widget-wrap elementor-element-populated\">\n\t\t\t\t\t\t<div class=\"elementor-element elementor-element-6c43380 elementor-position-top elementor-widget elementor-widget-image-box\" data-id=\"6c43380\" data-element_type=\"widget\" data-e-type=\"widget\" data-widget_type=\"image-box.default\">\n\t\t\t\t<div class=\"elementor-widget-container\">\n\t\t\t\t\t<div class=\"elementor-image-box-wrapper\"><figure class=\"elementor-image-box-img\"><img decoding=\"async\" width=\"74\" height=\"74\" data-src=\"https:\/\/blaisindustries.com\/wp-content\/uploads\/2021\/04\/ic-vl-rond-teamwork.png\" class=\"attachment-full size-full wp-image-524 lazyload\" alt=\"La Diff\u00e9rence Blais\" title=\"\" src=\"data:image\/svg+xml;base64,PHN2ZyB3aWR0aD0iMSIgaGVpZ2h0PSIxIiB4bWxucz0iaHR0cDovL3d3dy53My5vcmcvMjAwMC9zdmciPjwvc3ZnPg==\" style=\"--smush-placeholder-width: 74px; --smush-placeholder-aspect-ratio: 74\/74;\"><\/figure><div class=\"elementor-image-box-content\"><h3 class=\"elementor-image-box-title\">TRAVAIL D'\u00c9QUIPE<\/h3><p class=\"elementor-image-box-description\">Promouvoir l\u2019int\u00e9gration et la collaboration, par l\u2019\u00e9coute et le compromis dans nos interactions et nos communications. S\u2019efforcer de comprendre et de respecter les autres dans leurs diff\u00e9rences afin de favoriser le travail d\u2019\u00e9quipe efficace dans un environnement agr\u00e9able et stimulant.<\/p><\/div><\/div>\t\t\t\t<\/div>\n\t\t\t\t<\/div>\n\t\t\t\t\t<\/div>\n\t\t<\/div>\n\t\t\t\t\t<\/div>\n\t\t<\/section>\n\t\t\t\t<section class=\"elementor-section elementor-inner-section elementor-element elementor-element-3ad0d5c elementor-section-full_width elementor-section-height-default elementor-section-height-default\" data-id=\"3ad0d5c\" data-element_type=\"section\" data-e-type=\"section\">\n\t\t\t\t\t\t<div class=\"elementor-container elementor-column-gap-default\">\n\t\t\t\t\t<div class=\"elementor-column elementor-col-33 elementor-inner-column elementor-element elementor-element-9c633f9\" data-id=\"9c633f9\" data-element_type=\"column\" data-e-type=\"column\">\n\t\t\t<div class=\"elementor-widget-wrap elementor-element-populated\">\n\t\t\t\t\t\t<div class=\"elementor-element elementor-element-2a6ed71 elementor-position-top elementor-widget elementor-widget-image-box\" data-id=\"2a6ed71\" data-element_type=\"widget\" data-e-type=\"widget\" data-widget_type=\"image-box.default\">\n\t\t\t\t<div class=\"elementor-widget-container\">\n\t\t\t\t\t<div class=\"elementor-image-box-wrapper\"><figure class=\"elementor-image-box-img\"><img decoding=\"async\" width=\"74\" height=\"74\" data-src=\"https:\/\/blaisindustries.com\/wp-content\/uploads\/2021\/04\/ic-vl-rond-engagement.png\" class=\"attachment-full size-full wp-image-532 lazyload\" alt=\"La Diff\u00e9rence Blais\" title=\"\" src=\"data:image\/svg+xml;base64,PHN2ZyB3aWR0aD0iMSIgaGVpZ2h0PSIxIiB4bWxucz0iaHR0cDovL3d3dy53My5vcmcvMjAwMC9zdmciPjwvc3ZnPg==\" style=\"--smush-placeholder-width: 74px; --smush-placeholder-aspect-ratio: 74\/74;\"><\/figure><div class=\"elementor-image-box-content\"><h3 class=\"elementor-image-box-title\">ENGAGEMENT SOCIAL<\/h3><p class=\"elementor-image-box-description\">Contribuer au d\u00e9veloppement de notre communaut\u00e9 sur le plan humain, social et financier, par le b\u00e9n\u00e9volat, la donation et l\u2019implication, afin de mettre en valeur notre milieu et notre organisation.<\/p><\/div><\/div>\t\t\t\t<\/div>\n\t\t\t\t<\/div>\n\t\t\t\t\t<\/div>\n\t\t<\/div>\n\t\t\t\t<div class=\"elementor-column elementor-col-33 elementor-inner-column elementor-element elementor-element-975c9e4\" data-id=\"975c9e4\" data-element_type=\"column\" data-e-type=\"column\">\n\t\t\t<div class=\"elementor-widget-wrap elementor-element-populated\">\n\t\t\t\t\t\t<div class=\"elementor-element elementor-element-aaf07e2 elementor-position-top elementor-widget elementor-widget-image-box\" data-id=\"aaf07e2\" data-element_type=\"widget\" data-e-type=\"widget\" data-widget_type=\"image-box.default\">\n\t\t\t\t<div class=\"elementor-widget-container\">\n\t\t\t\t\t<div class=\"elementor-image-box-wrapper\"><figure class=\"elementor-image-box-img\"><img decoding=\"async\" width=\"74\" height=\"74\" data-src=\"https:\/\/blaisindustries.com\/wp-content\/uploads\/2021\/04\/ic-vl-rond-loyaute.png\" class=\"attachment-full size-full wp-image-533 lazyload\" alt=\"La Diff\u00e9rence Blais\" title=\"\" src=\"data:image\/svg+xml;base64,PHN2ZyB3aWR0aD0iMSIgaGVpZ2h0PSIxIiB4bWxucz0iaHR0cDovL3d3dy53My5vcmcvMjAwMC9zdmciPjwvc3ZnPg==\" style=\"--smush-placeholder-width: 74px; --smush-placeholder-aspect-ratio: 74\/74;\"><\/figure><div class=\"elementor-image-box-content\"><h3 class=\"elementor-image-box-title\">LOYAUT\u00c9<\/h3><p class=\"elementor-image-box-description\">Tous engag\u00e9s vers le m\u00eame but, nous agissons avec honn\u00eatet\u00e9 et transparence dans le d\u00e9veloppement d\u2019un sentiment d\u2019appartenance empreint de fiert\u00e9 et de d\u00e9vouement.<\/p><\/div><\/div>\t\t\t\t<\/div>\n\t\t\t\t<\/div>\n\t\t\t\t\t<\/div>\n\t\t<\/div>\n\t\t\t\t<div class=\"elementor-column elementor-col-33 elementor-inner-column elementor-element elementor-element-1e7045b\" data-id=\"1e7045b\" data-element_type=\"column\" data-e-type=\"column\">\n\t\t\t<div class=\"elementor-widget-wrap elementor-element-populated\">\n\t\t\t\t\t\t<div class=\"elementor-element elementor-element-64f295d elementor-position-top elementor-widget elementor-widget-image-box\" data-id=\"64f295d\" data-element_type=\"widget\" data-e-type=\"widget\" data-widget_type=\"image-box.default\">\n\t\t\t\t<div class=\"elementor-widget-container\">\n\t\t\t\t\t<div class=\"elementor-image-box-wrapper\"><figure class=\"elementor-image-box-img\"><img decoding=\"async\" width=\"74\" height=\"74\" data-src=\"https:\/\/blaisindustries.com\/wp-content\/uploads\/2021\/04\/ic-vl-rond-environnement.png\" class=\"attachment-full size-full wp-image-534 lazyload\" alt=\"La Diff\u00e9rence Blais\" title=\"\" src=\"data:image\/svg+xml;base64,PHN2ZyB3aWR0aD0iMSIgaGVpZ2h0PSIxIiB4bWxucz0iaHR0cDovL3d3dy53My5vcmcvMjAwMC9zdmciPjwvc3ZnPg==\" style=\"--smush-placeholder-width: 74px; --smush-placeholder-aspect-ratio: 74\/74;\"><\/figure><div class=\"elementor-image-box-content\"><h3 class=\"elementor-image-box-title\"> RESPECT DE L'ENVIRONNEMENT<\/h3><p class=\"elementor-image-box-description\">\u00c9valuer les cons\u00e9quences environnementales de nos actions dans le but d\u2019instaurer des pratiques favorisant la diminution de notre empreinte \u00e9cologique.<\/p><\/div><\/div>\t\t\t\t<\/div>\n\t\t\t\t<\/div>\n\t\t\t\t\t<\/div>\n\t\t<\/div>\n\t\t\t\t\t<\/div>\n\t\t<\/section>\n\t\t\t\t\t<\/div>\n\t\t<\/div>\n\t\t\t\t\t<\/div>\n\t\t<\/section>\n\t\t\t\t<\/div>\n\t\t","protected":false},"excerpt":{"rendered":"<p>ABOUT US HISTORIC WHO WE ARE Since 1952, we have established one of the strongest private companies in the construction and maintenance of industrial infrastructures: Blais industries. Many competitors operate in this field, but to stand out, you must go beyond just tendering and completing the work. Blais industries is built on the desire to [&hellip;]<\/p>\n","protected":false},"author":6,"featured_media":0,"parent":0,"menu_order":0,"comment_status":"closed","ping_status":"closed","template":"","meta":{"_acf_changed":false,"site-sidebar-layout":"no-sidebar","site-content-layout":"page-builder","ast-site-content-layout":"full-width-container","site-content-style":"unboxed","site-sidebar-style":"unboxed","ast-global-header-display":"","ast-banner-title-visibility":"","ast-main-header-display":"","ast-hfb-above-header-display":"","ast-hfb-below-header-display":"","ast-hfb-mobile-header-display":"","site-post-title":"disabled","ast-breadcrumbs-content":"","ast-featured-img":"disabled","footer-sml-layout":"","ast-disable-related-posts":"","theme-transparent-header-meta":"default","adv-header-id-meta":"","stick-header-meta":"","header-above-stick-meta":"","header-main-stick-meta":"","header-below-stick-meta":"","astra-migrate-meta-layouts":"default","ast-page-background-enabled":"default","ast-page-background-meta":{"desktop":{"background-color":"","background-image":"","background-repeat":"repeat","background-position":"center center","background-size":"auto","background-attachment":"scroll","background-type":"","background-media":"","overlay-type":"","overlay-color":"","overlay-opacity":"","overlay-gradient":""},"tablet":{"background-color":"","background-image":"","background-repeat":"repeat","background-position":"center center","background-size":"auto","background-attachment":"scroll","background-type":"","background-media":"","overlay-type":"","overlay-color":"","overlay-opacity":"","overlay-gradient":""},"mobile":{"background-color":"","background-image":"","background-repeat":"repeat","background-position":"center center","background-size":"auto","background-attachment":"scroll","background-type":"","background-media":"","overlay-type":"","overlay-color":"","overlay-opacity":"","overlay-gradient":""}},"ast-content-background-meta":{"desktop":{"background-color":"var(--ast-global-color-5)","background-image":"","background-repeat":"repeat","background-position":"center center","background-size":"auto","background-attachment":"scroll","background-type":"","background-media":"","overlay-type":"","overlay-color":"","overlay-opacity":"","overlay-gradient":""},"tablet":{"background-color":"var(--ast-global-color-5)","background-image":"","background-repeat":"repeat","background-position":"center center","background-size":"auto","background-attachment":"scroll","background-type":"","background-media":"","overlay-type":"","overlay-color":"","overlay-opacity":"","overlay-gradient":""},"mobile":{"background-color":"var(--ast-global-color-5)","background-image":"","background-repeat":"repeat","background-position":"center center","background-size":"auto","background-attachment":"scroll","background-type":"","background-media":"","overlay-type":"","overlay-color":"","overlay-opacity":"","overlay-gradient":""}},"footnotes":""},"class_list":["post-3507","page","type-page","status-publish","hentry"],"acf":[],"_links":{"self":[{"href":"https:\/\/blaisindustries.com\/en\/wp-json\/wp\/v2\/pages\/3507","targetHints":{"allow":["GET"]}}],"collection":[{"href":"https:\/\/blaisindustries.com\/en\/wp-json\/wp\/v2\/pages"}],"about":[{"href":"https:\/\/blaisindustries.com\/en\/wp-json\/wp\/v2\/types\/page"}],"author":[{"embeddable":true,"href":"https:\/\/blaisindustries.com\/en\/wp-json\/wp\/v2\/users\/6"}],"replies":[{"embeddable":true,"href":"https:\/\/blaisindustries.com\/en\/wp-json\/wp\/v2\/comments?post=3507"}],"version-history":[{"count":0,"href":"https:\/\/blaisindustries.com\/en\/wp-json\/wp\/v2\/pages\/3507\/revisions"}],"wp:attachment":[{"href":"https:\/\/blaisindustries.com\/en\/wp-json\/wp\/v2\/media?parent=3507"}],"curies":[{"name":"wp","href":"https:\/\/api.w.org\/{rel}","templated":true}]}}